
{"id":404,"date":"2023-12-01T13:01:09","date_gmt":"2023-12-01T12:01:09","guid":{"rendered":"http:\/\/chic.retinatest.it\/sostenibilita\/"},"modified":"2023-12-01T18:00:22","modified_gmt":"2023-12-01T17:00:22","slug":"sostenibilidad","status":"publish","type":"page","link":"https:\/\/www.chic.it\/es\/sostenibilidad\/","title":{"rendered":"Sostenibilidad"},"content":{"rendered":"\n<p>\u201c<em>Creo que tener tierra y no arruinarla es el arte m\u00e1s hermoso que cualquiera podr\u00eda querer poseer<\/em>\u201d<\/p>\n\n\n\n<p>Nos dedicamos diariamente a la protecci\u00f3n del medio ambiente, que es un valor esencial, a trav\u00e9s del utilizo de energ\u00edas renovables, de maquinaria energ\u00e9ticamente eficientes y con el uso de materiales que provienen \u00fanicamente de fuentes controladas.<\/p>\n\n\n\n<p>Nuestro objetivo es el de minimizar el impacto ambiental, respetando as\u00ed la relaci\u00f3n ser humano-naturaleza.<\/p>\n\n\n\n<p>Los protocolos utilizados para la gesti\u00f3n y la compra de materias primas y de eliminaci\u00f3n de residuos, as\u00ed como la colaboraci\u00f3n cotidiana con nuestros proveedores y clientes para sostener e implementar siempre nuevos proyectos de sostenibilidad, producen un beneficio que no afecta solamente el ambiente, pero tambi\u00e9n la empresa, que sigue envolvi\u00e9ndose e innov\u00e1ndose.<\/p>\n\n\n\n<div class=\"wp-block-media-text is-stacked-on-mobile\"><figure class=\"wp-block-media-text__media\"><img loading=\"lazy\" decoding=\"async\" width=\"1024\" height=\"534\" src=\"https:\/\/www.chic.it\/wp-content\/uploads\/2023\/12\/shutterstock_2326536657-1024x534.jpg\" alt=\"\" class=\"wp-image-390 size-full\" srcset=\"https:\/\/www.chic.it\/wp-content\/uploads\/2023\/12\/shutterstock_2326536657-1024x534.jpg 1024w, https:\/\/www.chic.it\/wp-content\/uploads\/2023\/12\/shutterstock_2326536657-300x157.jpg 300w, https:\/\/www.chic.it\/wp-content\/uploads\/2023\/12\/shutterstock_2326536657-768x401.jpg 768w, https:\/\/www.chic.it\/wp-content\/uploads\/2023\/12\/shutterstock_2326536657-1536x802.jpg 1536w, https:\/\/www.chic.it\/wp-content\/uploads\/2023\/12\/shutterstock_2326536657.jpg 1920w\" sizes=\"auto, (max-width: 1024px) 100vw, 1024px\" \/><\/figure><div class=\"wp-block-media-text__content\">\n<p>Tambi\u00e9n el \u00faltimo proyecto en el campo de la imprenta digital se emprendi\u00f3 en el respecto del ambiente, eligiendo tintas ecol\u00f3gicas que no emiten compuestos org\u00e1nicos vol\u00e1tiles y que permiten de utilizar nuestros productos en cada elemento de mobiliario y de interior design.<\/p>\n<\/div><\/div>\n\n\n\n<div style=\"height:60px\" aria-hidden=\"true\" class=\"wp-block-spacer\"><\/div>\n\n\n\n<div class=\"wp-block-media-text has-media-on-the-right is-stacked-on-mobile\"><div class=\"wp-block-media-text__content\">\n<div class=\"wp-block-buttons is-content-justification-center is-layout-flex wp-container-core-buttons-is-layout-16018d1d wp-block-buttons-is-layout-flex\">\n<div class=\"wp-block-button\"><a class=\"wp-block-button__link wp-element-button\" href=\"https:\/\/www.chic.it\/wp-content\/uploads\/2023\/12\/200460_EN-FSC1231.pdf\" style=\"border-radius:0px\" target=\"_blank\" rel=\"noreferrer noopener\">Pulsa aqu\u00ed para descargar nuestro Certificado FSC\u00ae<\/a><\/div>\n<\/div>\n<\/div><figure class=\"wp-block-media-text__media\"><img loading=\"lazy\" decoding=\"async\" width=\"650\" height=\"270\" src=\"https:\/\/www.chic.it\/wp-content\/uploads\/2023\/12\/loghi.jpg\" alt=\"\" class=\"wp-image-393 size-full\" srcset=\"https:\/\/www.chic.it\/wp-content\/uploads\/2023\/12\/loghi.jpg 650w, https:\/\/www.chic.it\/wp-content\/uploads\/2023\/12\/loghi-300x125.jpg 300w\" sizes=\"auto, (max-width: 650px) 100vw, 650px\" \/><\/figure><\/div>\n","protected":false},"excerpt":{"rendered":"<p>\u201cCreo que tener tierra y no arruinarla es el arte m\u00e1s hermoso que cualquiera podr\u00eda querer poseer\u201d Nos dedicamos diariamente a la protecci\u00f3n del medio ambiente, que es un valor esencial, a trav\u00e9s del utilizo de energ\u00edas renovables, de maquinaria energ\u00e9ticamente eficientes y con el uso de materiales que provienen \u00fanicamente de fuentes controladas. Nuestro [&hellip;]<\/p>\n","protected":false},"author":1,"featured_media":386,"parent":0,"menu_order":0,"comment_status":"closed","ping_status":"closed","template":"sosteniblita.php","meta":{"_acf_changed":false,"inline_featured_image":false,"footnotes":""},"class_list":["post-404","page","type-page","status-publish","has-post-thumbnail","hentry"],"acf":[],"yoast_head":"<!-- This site is optimized with the Yoast SEO plugin v24.4 - https:\/\/yoast.com\/wordpress\/plugins\/seo\/ -->\n<title>Sostenibilidad - Chic<\/title>\n<meta name=\"robots\" content=\"index, follow, max-snippet:-1, max-image-preview:large, max-video-preview:-1\" \/>\n<link rel=\"canonical\" href=\"https:\/\/www.chic.it\/sostenibilita\/\" \/>\n<meta property=\"og:locale\" content=\"es_ES\" \/>\n<meta property=\"og:type\" content=\"article\" \/>\n<meta property=\"og:title\" content=\"Sostenibilidad - Chic\" \/>\n<meta property=\"og:description\" content=\"\u201cCreo que tener tierra y no arruinarla es el arte m\u00e1s hermoso que cualquiera podr\u00eda querer poseer\u201d Nos dedicamos diariamente a la protecci\u00f3n del medio ambiente, que es un valor esencial, a trav\u00e9s del utilizo de energ\u00edas renovables, de maquinaria energ\u00e9ticamente eficientes y con el uso de materiales que provienen \u00fanicamente de fuentes controladas. Nuestro [&hellip;]\" \/>\n<meta property=\"og:url\" content=\"https:\/\/www.chic.it\/sostenibilita\/\" \/>\n<meta property=\"og:site_name\" content=\"Chic\" \/>\n<meta property=\"article:modified_time\" content=\"2023-12-01T17:00:22+00:00\" \/>\n<meta property=\"og:image\" content=\"https:\/\/www.chic.it\/wp-content\/uploads\/2023\/12\/shutterstock_1998656630.jpg\" \/>\n\t<meta property=\"og:image:width\" content=\"1920\" \/>\n\t<meta property=\"og:image:height\" content=\"1278\" \/>\n\t<meta property=\"og:image:type\" content=\"image\/jpeg\" \/>\n<meta name=\"twitter:card\" content=\"summary_large_image\" \/>\n<meta name=\"twitter:label1\" content=\"Tiempo de lectura\" \/>\n\t<meta name=\"twitter:data1\" content=\"1 minuto\" \/>\n<script type=\"application\/ld+json\" class=\"yoast-schema-graph\">{\"@context\":\"https:\/\/schema.org\",\"@graph\":[{\"@type\":\"WebPage\",\"@id\":\"https:\/\/www.chic.it\/sostenibilita\/\",\"url\":\"https:\/\/www.chic.it\/sostenibilita\/\",\"name\":\"Sostenibilidad - Chic\",\"isPartOf\":{\"@id\":\"https:\/\/www.chic.it\/#website\"},\"primaryImageOfPage\":{\"@id\":\"https:\/\/www.chic.it\/sostenibilita\/#primaryimage\"},\"image\":{\"@id\":\"https:\/\/www.chic.it\/sostenibilita\/#primaryimage\"},\"thumbnailUrl\":\"https:\/\/www.chic.it\/wp-content\/uploads\/2023\/12\/shutterstock_1998656630.jpg\",\"datePublished\":\"2023-12-01T12:01:09+00:00\",\"dateModified\":\"2023-12-01T17:00:22+00:00\",\"breadcrumb\":{\"@id\":\"https:\/\/www.chic.it\/sostenibilita\/#breadcrumb\"},\"inLanguage\":\"es\",\"potentialAction\":[{\"@type\":\"ReadAction\",\"target\":[\"https:\/\/www.chic.it\/sostenibilita\/\"]}]},{\"@type\":\"ImageObject\",\"inLanguage\":\"es\",\"@id\":\"https:\/\/www.chic.it\/sostenibilita\/#primaryimage\",\"url\":\"https:\/\/www.chic.it\/wp-content\/uploads\/2023\/12\/shutterstock_1998656630.jpg\",\"contentUrl\":\"https:\/\/www.chic.it\/wp-content\/uploads\/2023\/12\/shutterstock_1998656630.jpg\",\"width\":1920,\"height\":1278},{\"@type\":\"BreadcrumbList\",\"@id\":\"https:\/\/www.chic.it\/sostenibilita\/#breadcrumb\",\"itemListElement\":[{\"@type\":\"ListItem\",\"position\":1,\"name\":\"Home\",\"item\":\"https:\/\/www.chic.it\/es\/\"},{\"@type\":\"ListItem\",\"position\":2,\"name\":\"Sostenibilidad\"}]},{\"@type\":\"WebSite\",\"@id\":\"https:\/\/www.chic.it\/#website\",\"url\":\"https:\/\/www.chic.it\/\",\"name\":\"Chic\",\"description\":\"\",\"publisher\":{\"@id\":\"https:\/\/www.chic.it\/#organization\"},\"potentialAction\":[{\"@type\":\"SearchAction\",\"target\":{\"@type\":\"EntryPoint\",\"urlTemplate\":\"https:\/\/www.chic.it\/?s={search_term_string}\"},\"query-input\":{\"@type\":\"PropertyValueSpecification\",\"valueRequired\":true,\"valueName\":\"search_term_string\"}}],\"inLanguage\":\"es\"},{\"@type\":\"Organization\",\"@id\":\"https:\/\/www.chic.it\/#organization\",\"name\":\"Chic\",\"url\":\"https:\/\/www.chic.it\/\",\"logo\":{\"@type\":\"ImageObject\",\"inLanguage\":\"es\",\"@id\":\"https:\/\/www.chic.it\/#\/schema\/logo\/image\/\",\"url\":\"https:\/\/www.chic.it\/wp-content\/uploads\/2023\/11\/logo-trasp.svg\",\"contentUrl\":\"https:\/\/www.chic.it\/wp-content\/uploads\/2023\/11\/logo-trasp.svg\",\"width\":244,\"height\":93,\"caption\":\"Chic\"},\"image\":{\"@id\":\"https:\/\/www.chic.it\/#\/schema\/logo\/image\/\"}}]}<\/script>\n<!-- \/ Yoast SEO plugin. -->","yoast_head_json":{"title":"Sostenibilidad - Chic","robots":{"index":"index","follow":"follow","max-snippet":"max-snippet:-1","max-image-preview":"max-image-preview:large","max-video-preview":"max-video-preview:-1"},"canonical":"https:\/\/www.chic.it\/sostenibilita\/","og_locale":"es_ES","og_type":"article","og_title":"Sostenibilidad - Chic","og_description":"\u201cCreo que tener tierra y no arruinarla es el arte m\u00e1s hermoso que cualquiera podr\u00eda querer poseer\u201d Nos dedicamos diariamente a la protecci\u00f3n del medio ambiente, que es un valor esencial, a trav\u00e9s del utilizo de energ\u00edas renovables, de maquinaria energ\u00e9ticamente eficientes y con el uso de materiales que provienen \u00fanicamente de fuentes controladas. Nuestro [&hellip;]","og_url":"https:\/\/www.chic.it\/sostenibilita\/","og_site_name":"Chic","article_modified_time":"2023-12-01T17:00:22+00:00","og_image":[{"width":1920,"height":1278,"url":"https:\/\/www.chic.it\/wp-content\/uploads\/2023\/12\/shutterstock_1998656630.jpg","type":"image\/jpeg"}],"twitter_card":"summary_large_image","twitter_misc":{"Tiempo de lectura":"1 minuto"},"schema":{"@context":"https:\/\/schema.org","@graph":[{"@type":"WebPage","@id":"https:\/\/www.chic.it\/sostenibilita\/","url":"https:\/\/www.chic.it\/sostenibilita\/","name":"Sostenibilidad - Chic","isPartOf":{"@id":"https:\/\/www.chic.it\/#website"},"primaryImageOfPage":{"@id":"https:\/\/www.chic.it\/sostenibilita\/#primaryimage"},"image":{"@id":"https:\/\/www.chic.it\/sostenibilita\/#primaryimage"},"thumbnailUrl":"https:\/\/www.chic.it\/wp-content\/uploads\/2023\/12\/shutterstock_1998656630.jpg","datePublished":"2023-12-01T12:01:09+00:00","dateModified":"2023-12-01T17:00:22+00:00","breadcrumb":{"@id":"https:\/\/www.chic.it\/sostenibilita\/#breadcrumb"},"inLanguage":"es","potentialAction":[{"@type":"ReadAction","target":["https:\/\/www.chic.it\/sostenibilita\/"]}]},{"@type":"ImageObject","inLanguage":"es","@id":"https:\/\/www.chic.it\/sostenibilita\/#primaryimage","url":"https:\/\/www.chic.it\/wp-content\/uploads\/2023\/12\/shutterstock_1998656630.jpg","contentUrl":"https:\/\/www.chic.it\/wp-content\/uploads\/2023\/12\/shutterstock_1998656630.jpg","width":1920,"height":1278},{"@type":"BreadcrumbList","@id":"https:\/\/www.chic.it\/sostenibilita\/#breadcrumb","itemListElement":[{"@type":"ListItem","position":1,"name":"Home","item":"https:\/\/www.chic.it\/es\/"},{"@type":"ListItem","position":2,"name":"Sostenibilidad"}]},{"@type":"WebSite","@id":"https:\/\/www.chic.it\/#website","url":"https:\/\/www.chic.it\/","name":"Chic","description":"","publisher":{"@id":"https:\/\/www.chic.it\/#organization"},"potentialAction":[{"@type":"SearchAction","target":{"@type":"EntryPoint","urlTemplate":"https:\/\/www.chic.it\/?s={search_term_string}"},"query-input":{"@type":"PropertyValueSpecification","valueRequired":true,"valueName":"search_term_string"}}],"inLanguage":"es"},{"@type":"Organization","@id":"https:\/\/www.chic.it\/#organization","name":"Chic","url":"https:\/\/www.chic.it\/","logo":{"@type":"ImageObject","inLanguage":"es","@id":"https:\/\/www.chic.it\/#\/schema\/logo\/image\/","url":"https:\/\/www.chic.it\/wp-content\/uploads\/2023\/11\/logo-trasp.svg","contentUrl":"https:\/\/www.chic.it\/wp-content\/uploads\/2023\/11\/logo-trasp.svg","width":244,"height":93,"caption":"Chic"},"image":{"@id":"https:\/\/www.chic.it\/#\/schema\/logo\/image\/"}}]}},"_links":{"self":[{"href":"https:\/\/www.chic.it\/es\/wp-json\/wp\/v2\/pages\/404","targetHints":{"allow":["GET"]}}],"collection":[{"href":"https:\/\/www.chic.it\/es\/wp-json\/wp\/v2\/pages"}],"about":[{"href":"https:\/\/www.chic.it\/es\/wp-json\/wp\/v2\/types\/page"}],"author":[{"embeddable":true,"href":"https:\/\/www.chic.it\/es\/wp-json\/wp\/v2\/users\/1"}],"replies":[{"embeddable":true,"href":"https:\/\/www.chic.it\/es\/wp-json\/wp\/v2\/comments?post=404"}],"version-history":[{"count":3,"href":"https:\/\/www.chic.it\/es\/wp-json\/wp\/v2\/pages\/404\/revisions"}],"predecessor-version":[{"id":525,"href":"https:\/\/www.chic.it\/es\/wp-json\/wp\/v2\/pages\/404\/revisions\/525"}],"wp:featuredmedia":[{"embeddable":true,"href":"https:\/\/www.chic.it\/es\/wp-json\/wp\/v2\/media\/386"}],"wp:attachment":[{"href":"https:\/\/www.chic.it\/es\/wp-json\/wp\/v2\/media?parent=404"}],"curies":[{"name":"wp","href":"https:\/\/api.w.org\/{rel}","templated":true}]}}